{"id":16807,"date":"2025-07-31T23:48:37","date_gmt":"2025-07-31T21:48:37","guid":{"rendered":"https:\/\/brunoribadi.it\/?page_id=16807"},"modified":"2025-11-25T12:51:38","modified_gmt":"2025-11-25T11:51:38","slug":"the-brewery","status":"publish","type":"page","link":"https:\/\/brunoribadi.it\/fr\/the-brewery\/","title":{"rendered":"LA BRASSERIE"},"content":{"rendered":"<div data-elementor-type=\"wp-page\" data-elementor-id=\"16807\" class=\"elementor elementor-16807\" data-elementor-post-type=\"page\">\n\t\t\t\t<div class=\"wd-negative-gap elementor-element elementor-element-962f8eb wd-section-stretch-content e-flex e-con-boxed e-con e-parent\" data-id=\"962f8eb\" data-element_type=\"container\" data-e-type=\"container\" data-settings=\"{&quot;background_background&quot;:&quot;classic&quot;}\">\n\t\t\t\t\t<div class=\"e-con-inner\">\n\t\t\t\t<div class=\"elementor-element elementor-element-4ff752d elementor-widget elementor-widget-heading\" data-id=\"4ff752d\" data-element_type=\"widget\" data-e-type=\"widget\" data-widget_type=\"heading.default\">\n\t\t\t\t<div class=\"elementor-widget-container\">\n\t\t\t\t\t<h2 class=\"elementor-heading-title elementor-size-default\">LA BRASSERIE\n<\/h2>\t\t\t\t<\/div>\n\t\t\t\t<\/div>\n\t\t\t\t<div class=\"elementor-element elementor-element-d777d27 text-center color-scheme-inherit elementor-widget elementor-widget-text-editor\" data-id=\"d777d27\" data-element_type=\"widget\" data-e-type=\"widget\" data-widget_type=\"text-editor.default\">\n\t\t\t\t<div class=\"elementor-widget-container\">\n\t\t\t\t\t\t\t\t\t<p data-start=\"375\" data-end=\"759\" class=\"translation-block\">Avec une installation \u00e0 la pointe de la technologie, la Brasserie Bruno Ribadi produit, vend et distribue des bi\u00e8res artisanales qui racontent la Sicile. Des produits d\u2019excellence typiques du territoire sont utilis\u00e9s, comme le raisin sultanine de Pantelleria et le caroube pr\u00e9sents dans la SPECIAL ALE, le sumac et le poivre rose de la SICILIAN PALE ALE, jusqu\u2019\u00e0 la mandarine tardive de Ciaculli utilis\u00e9e dans la BIANCA.<\/p><p data-start=\"761\" data-end=\"952\" class=\"translation-block\">La brasserie s\u2019\u00e9tend sur 11 000 m\u00b2, dont 3 000 m\u00b2 sont enti\u00e8rement d\u00e9di\u00e9s \u00e0 la cr\u00e9ation de nos bi\u00e8res, enrichis par des parcours p\u00e9dagogiques permettant de d\u00e9couvrir les techniques et les secrets de la bi\u00e8re.<\/p><p data-start=\"954\" data-end=\"1111\" class=\"translation-block\">La brasserie est en constante expansion et poursuit avec d\u00e9termination l\u2019objectif de valoriser le territoire sicilien et ses produits, en respectant tous les acteurs de la fili\u00e8re agroalimentaire.<\/p><p data-start=\"1113\" data-end=\"1305\" class=\"translation-block\">La proximit\u00e9 avec la splendide mer de Terrasini en fait une \u00e9tape incontournable pour les habitants comme pour les touristes, curieux de d\u00e9couvrir les secrets de la bi\u00e8re artisanale et l\u2019univers unique et exclusif de Bruno Ribadi.<\/p>\t\t\t\t\t\t\t\t<\/div>\n\t\t\t\t<\/div>\n\t\t\t\t\t<\/div>\n\t\t\t\t<\/div>\n\t\t<div class=\"wd-negative-gap elementor-element elementor-element-3bad00a wd-section-stretch e-flex e-con-boxed e-con e-parent\" data-id=\"3bad00a\" data-element_type=\"container\" data-e-type=\"container\">\n\t\t\t\t\t<div class=\"e-con-inner\">\n\t\t\t\t<div class=\"elementor-element elementor-element-c229769 wd-width-100 elementor-widget elementor-widget-wd_images_gallery\" data-id=\"c229769\" data-element_type=\"widget\" data-e-type=\"widget\" data-widget_type=\"wd_images_gallery.default\">\n\t\t\t\t<div class=\"elementor-widget-container\">\n\t\t\t\t\t\t\t<div class=\"wd-images-gallery photoswipe-images\" style=\"--wd-align-items:center; --wd-justify-content:center;\">\n\t\t\t\t\t\t<div class=\"wd-grid-g\" style=\"--wd-col-lg:2;--wd-col-md:2;--wd-col-sm:1;--wd-gap-lg:30px;--wd-gap-sm:10px;\" >\n\t\t\t\t\t\t\t\t\t\t\t\t\t\t\t\t\t\t<div class=\"wd-gallery-item wd-col\">\n\t\t\t\t\t\t\t\t\t\t\t\t\t<a  href=\"https:\/\/brunoribadi.it\/wp-content\/uploads\/2025\/08\/MG_5207.jpg\" data-width=\"2048\" data-height=\"1365\" data-index=\"1\" data-elementor-open-lightbox=\"no\">\n\t\t\t\t\t\t\n\t\t\t\t\t\t<img fetchpriority=\"high\" decoding=\"async\" width=\"1200\" height=\"800\" src=\"https:\/\/brunoribadi.it\/wp-content\/uploads\/2025\/08\/MG_5207-1200x800.jpg\" class=\"attachment-large size-large\" alt=\"_MG_5207\" srcset=\"https:\/\/brunoribadi.it\/wp-content\/uploads\/2025\/08\/MG_5207-1200x800.jpg 1200w, https:\/\/brunoribadi.it\/wp-content\/uploads\/2025\/08\/MG_5207-400x267.jpg 400w, https:\/\/brunoribadi.it\/wp-content\/uploads\/2025\/08\/MG_5207-768x512.jpg 768w, https:\/\/brunoribadi.it\/wp-content\/uploads\/2025\/08\/MG_5207-1536x1024.jpg 1536w, https:\/\/brunoribadi.it\/wp-content\/uploads\/2025\/08\/MG_5207-18x12.jpg 18w, https:\/\/brunoribadi.it\/wp-content\/uploads\/2025\/08\/MG_5207-430x287.jpg 430w, https:\/\/brunoribadi.it\/wp-content\/uploads\/2025\/08\/MG_5207-700x467.jpg 700w, https:\/\/brunoribadi.it\/wp-content\/uploads\/2025\/08\/MG_5207-150x100.jpg 150w, https:\/\/brunoribadi.it\/wp-content\/uploads\/2025\/08\/MG_5207.jpg 2048w\" sizes=\"(max-width: 1200px) 100vw, 1200px\" \/>\n\t\t\t\t\t\t\t\t\t\t\t\t\t<\/a>\n\t\t\t\t\t\t\t\t\t\t\t<\/div>\n\t\t\t\t\t\t\t\t\t\t\t\t\t\t\t<div class=\"wd-gallery-item wd-col\">\n\t\t\t\t\t\t\t\t\t\t\t\t\t<a  href=\"https:\/\/brunoribadi.it\/wp-content\/uploads\/2025\/08\/MG_5167.jpg\" data-width=\"2048\" data-height=\"1365\" data-index=\"2\" data-elementor-open-lightbox=\"no\">\n\t\t\t\t\t\t\n\t\t\t\t\t\t<img decoding=\"async\" width=\"1200\" height=\"800\" src=\"https:\/\/brunoribadi.it\/wp-content\/uploads\/2025\/08\/MG_5167-1200x800.jpg\" class=\"attachment-large size-large\" alt=\"_MG_5167\" srcset=\"https:\/\/brunoribadi.it\/wp-content\/uploads\/2025\/08\/MG_5167-1200x800.jpg 1200w, https:\/\/brunoribadi.it\/wp-content\/uploads\/2025\/08\/MG_5167-400x267.jpg 400w, https:\/\/brunoribadi.it\/wp-content\/uploads\/2025\/08\/MG_5167-768x512.jpg 768w, https:\/\/brunoribadi.it\/wp-content\/uploads\/2025\/08\/MG_5167-1536x1024.jpg 1536w, https:\/\/brunoribadi.it\/wp-content\/uploads\/2025\/08\/MG_5167-18x12.jpg 18w, https:\/\/brunoribadi.it\/wp-content\/uploads\/2025\/08\/MG_5167-430x287.jpg 430w, https:\/\/brunoribadi.it\/wp-content\/uploads\/2025\/08\/MG_5167-700x467.jpg 700w, https:\/\/brunoribadi.it\/wp-content\/uploads\/2025\/08\/MG_5167-150x100.jpg 150w, https:\/\/brunoribadi.it\/wp-content\/uploads\/2025\/08\/MG_5167.jpg 2048w\" sizes=\"(max-width: 1200px) 100vw, 1200px\" \/>\n\t\t\t\t\t\t\t\t\t\t\t\t\t<\/a>\n\t\t\t\t\t\t\t\t\t\t\t<\/div>\n\t\t\t\t\t\t\t\t\t\t\t\t\t<\/div>\n\t\t\t\t\t<\/div>\n\t\t\t\t\t\t<\/div>\n\t\t\t\t<\/div>\n\t\t\t\t\t<\/div>\n\t\t\t\t<\/div>\n\t\t\t\t<\/div>","protected":false},"excerpt":{"rendered":"<p>THE BREWERY With a state-of-the-art facility, Birrificio Bruno Ribadi produces, sells, and distributes craft beers that tell the story of<\/p>","protected":false},"author":1,"featured_media":0,"parent":0,"menu_order":0,"comment_status":"closed","ping_status":"closed","template":"","meta":{"footnotes":""},"class_list":["post-16807","page","type-page","status-publish","hentry"],"_links":{"self":[{"href":"https:\/\/brunoribadi.it\/fr\/wp-json\/wp\/v2\/pages\/16807","targetHints":{"allow":["GET"]}}],"collection":[{"href":"https:\/\/brunoribadi.it\/fr\/wp-json\/wp\/v2\/pages"}],"about":[{"href":"https:\/\/brunoribadi.it\/fr\/wp-json\/wp\/v2\/types\/page"}],"author":[{"embeddable":true,"href":"https:\/\/brunoribadi.it\/fr\/wp-json\/wp\/v2\/users\/1"}],"replies":[{"embeddable":true,"href":"https:\/\/brunoribadi.it\/fr\/wp-json\/wp\/v2\/comments?post=16807"}],"version-history":[{"count":13,"href":"https:\/\/brunoribadi.it\/fr\/wp-json\/wp\/v2\/pages\/16807\/revisions"}],"predecessor-version":[{"id":19814,"href":"https:\/\/brunoribadi.it\/fr\/wp-json\/wp\/v2\/pages\/16807\/revisions\/19814"}],"wp:attachment":[{"href":"https:\/\/brunoribadi.it\/fr\/wp-json\/wp\/v2\/media?parent=16807"}],"curies":[{"name":"wp","href":"https:\/\/api.w.org\/{rel}","templated":true}]}}