{"id":15635,"date":"2025-03-03T17:54:41","date_gmt":"2025-03-03T17:54:41","guid":{"rendered":"https:\/\/brunoribadi.it\/?post_type=product&#038;p=15635"},"modified":"2026-03-20T09:18:44","modified_gmt":"2026-03-20T08:18:44","slug":"special-ale","status":"publish","type":"product","link":"https:\/\/brunoribadi.it\/fr\/produit\/special-ale\/","title":{"rendered":"Special ale X1 33 cl"},"content":{"rendered":"<p><a href=\"https:\/\/brunoribadi.it\/wp-content\/uploads\/2025\/06\/10-1-scaled.png\"><img fetchpriority=\"high\" decoding=\"async\" class=\"aligncenter size-full wp-image-16468\" src=\"https:\/\/brunoribadi.it\/wp-content\/uploads\/2025\/06\/10-1-scaled.png\" alt=\"\" width=\"2560\" height=\"1440\" srcset=\"https:\/\/brunoribadi.it\/wp-content\/uploads\/2025\/06\/10-1-scaled.png 2560w, https:\/\/brunoribadi.it\/wp-content\/uploads\/2025\/06\/10-1-400x225.png 400w, https:\/\/brunoribadi.it\/wp-content\/uploads\/2025\/06\/10-1-1300x731.png 1300w, https:\/\/brunoribadi.it\/wp-content\/uploads\/2025\/06\/10-1-768x432.png 768w, https:\/\/brunoribadi.it\/wp-content\/uploads\/2025\/06\/10-1-1536x864.png 1536w, https:\/\/brunoribadi.it\/wp-content\/uploads\/2025\/06\/10-1-2048x1152.png 2048w, https:\/\/brunoribadi.it\/wp-content\/uploads\/2025\/06\/10-1-18x10.png 18w, https:\/\/brunoribadi.it\/wp-content\/uploads\/2025\/06\/10-1-430x242.png 430w, https:\/\/brunoribadi.it\/wp-content\/uploads\/2025\/06\/10-1-700x394.png 700w, https:\/\/brunoribadi.it\/wp-content\/uploads\/2025\/06\/10-1-150x84.png 150w\" sizes=\"(max-width: 2560px) 100vw, 2560px\" \/><\/a><\/p>","protected":false},"excerpt":{"rendered":"<h1 class=\"translation-block\"><span style=\"color: #ffffff\">RAISINS DE PANTELLERIA ET CAROUBES<\/span><br>\n<span style=\"color: #ffffff\">Parfum\u00e9e et douce<\/span><br>\n<span style=\"color: #ffffff\">\u00c9labor\u00e9e avec du bl\u00e9 Russello, c\u2019est une bi\u00e8re de corps moyen au go\u00fbt unique. La douceur<\/span><br>\n<span style=\"color: #ffffff\">des raisins de Pantelleria et l\u2019arri\u00e8re-go\u00fbt de caroubes grill\u00e9es en font une bi\u00e8re id\u00e9ale<\/span><br>\n<span style=\"color: #ffffff\">avec les desserts et les douceurs.<\/span><br>\n<span style=\"color: #ffffff\">Ingr\u00e9dients : Eau, malt d\u2019orge, flocons de bl\u00e9, bl\u00e9 \u201cRussello\u201d, caroubes 8 %, zeste<\/span><br>\n<span style=\"color: #ffffff\">d\u2019orange, raisins de Pantelleria 2 %, houblon, sucre, levure.<\/span><br>\n<span style=\"color: #ffffff\">Contient du gluten<\/span><br>\n<span style=\"color: #ffffff\">TENEUR EN ALCOOL : 7 %<\/span><br>\n<span style=\"color: #ffffff\">\u00c0 SERVIR \u00c0 : 8\u00b0C<\/span><\/h1>","protected":false},"featured_media":15638,"template":"","meta":[],"product_brand":[],"product_cat":[73],"product_tag":[78,76],"class_list":{"0":"post-15635","1":"product","2":"type-product","3":"status-publish","4":"has-post-thumbnail","6":"product_cat-x1","7":"product_tag-33cl","8":"product_tag-x1","10":"first","11":"instock","12":"shipping-taxable","13":"purchasable","14":"product-type-simple"},"_links":{"self":[{"href":"https:\/\/brunoribadi.it\/fr\/wp-json\/wp\/v2\/product\/15635","targetHints":{"allow":["GET"]}}],"collection":[{"href":"https:\/\/brunoribadi.it\/fr\/wp-json\/wp\/v2\/product"}],"about":[{"href":"https:\/\/brunoribadi.it\/fr\/wp-json\/wp\/v2\/types\/product"}],"version-history":[{"count":6,"href":"https:\/\/brunoribadi.it\/fr\/wp-json\/wp\/v2\/product\/15635\/revisions"}],"predecessor-version":[{"id":16473,"href":"https:\/\/brunoribadi.it\/fr\/wp-json\/wp\/v2\/product\/15635\/revisions\/16473"}],"wp:featuredmedia":[{"embeddable":true,"href":"https:\/\/brunoribadi.it\/fr\/wp-json\/wp\/v2\/media\/15638"}],"wp:attachment":[{"href":"https:\/\/brunoribadi.it\/fr\/wp-json\/wp\/v2\/media?parent=15635"}],"wp:term":[{"taxonomy":"product_brand","embeddable":true,"href":"https:\/\/brunoribadi.it\/fr\/wp-json\/wp\/v2\/product_brand?post=15635"},{"taxonomy":"product_cat","embeddable":true,"href":"https:\/\/brunoribadi.it\/fr\/wp-json\/wp\/v2\/product_cat?post=15635"},{"taxonomy":"product_tag","embeddable":true,"href":"https:\/\/brunoribadi.it\/fr\/wp-json\/wp\/v2\/product_tag?post=15635"}],"curies":[{"name":"wp","href":"https:\/\/api.w.org\/{rel}","templated":true}]}}