{"id":15882,"date":"2025-04-22T18:55:47","date_gmt":"2025-04-22T18:55:47","guid":{"rendered":"https:\/\/brunoribadi.it\/?post_type=product&#038;p=15882"},"modified":"2026-03-20T09:17:56","modified_gmt":"2026-03-20T08:17:56","slug":"india-pale-ale-x1","status":"publish","type":"product","link":"https:\/\/brunoribadi.it\/fr\/produit\/india-pale-ale-x1\/","title":{"rendered":"INDIA PALE ALE X1 33cl"},"content":{"rendered":"<p><a href=\"https:\/\/brunoribadi.it\/wp-content\/uploads\/2025\/04\/8-1-scaled.png\"><img fetchpriority=\"high\" decoding=\"async\" class=\"aligncenter size-full wp-image-16462\" src=\"https:\/\/brunoribadi.it\/wp-content\/uploads\/2025\/04\/8-1-scaled.png\" alt=\"\" width=\"2560\" height=\"1440\" srcset=\"https:\/\/brunoribadi.it\/wp-content\/uploads\/2025\/04\/8-1-scaled.png 2560w, https:\/\/brunoribadi.it\/wp-content\/uploads\/2025\/04\/8-1-400x225.png 400w, https:\/\/brunoribadi.it\/wp-content\/uploads\/2025\/04\/8-1-1300x731.png 1300w, https:\/\/brunoribadi.it\/wp-content\/uploads\/2025\/04\/8-1-768x432.png 768w, https:\/\/brunoribadi.it\/wp-content\/uploads\/2025\/04\/8-1-1536x864.png 1536w, https:\/\/brunoribadi.it\/wp-content\/uploads\/2025\/04\/8-1-2048x1152.png 2048w, https:\/\/brunoribadi.it\/wp-content\/uploads\/2025\/04\/8-1-18x10.png 18w, https:\/\/brunoribadi.it\/wp-content\/uploads\/2025\/04\/8-1-430x242.png 430w, https:\/\/brunoribadi.it\/wp-content\/uploads\/2025\/04\/8-1-700x394.png 700w, https:\/\/brunoribadi.it\/wp-content\/uploads\/2025\/04\/8-1-150x84.png 150w\" sizes=\"(max-width: 2560px) 100vw, 2560px\" \/><\/a><\/p>","protected":false},"excerpt":{"rendered":"<p class=\"translation-block\"><strong><span style=\"color: #e50765\">FEUILLES D\u2019AGRUMES SICILIENNES<\/span><\/strong><br>\n<span style=\"color: #e50765\">Am\u00e8re et houblonn\u00e9e<\/span><br>\n<span style=\"color: #e50765\">Bi\u00e8re de style IPA, fortement am\u00e8re, produite avec une seule vari\u00e9t\u00e9 de bl\u00e9 blond<\/span><br>\n<span style=\"color: #e50765\">et des houblons am\u00e9ricains. Enrichie de feuilles d\u2019agrumes siciliens, elle d\u00e9gage un parfum d\u2019agrumes et d\u2019herbes.<\/span><br>\n<span style=\"color: #e50765\">Ingr\u00e9dients : Eau, malt d\u2019orge, flocons de bl\u00e9, houblon, levure, feuilles d\u2019agrumes siciliens &lt;1%.<\/span><br>\n<span style=\"color: #e50765\">Contient du gluten<\/span><br>\n<span style=\"color: #e50765\">TENEUR EN ALCOOL : 6,5%<\/span><br>\n<span style=\"color: #e50765\">\u00c0 SERVIR \u00c0 : 4\u00b0C<\/span><\/p>","protected":false},"featured_media":15885,"template":"","meta":[],"product_brand":[],"product_cat":[73],"product_tag":[78,76],"class_list":{"0":"post-15882","1":"product","2":"type-product","3":"status-publish","4":"has-post-thumbnail","6":"product_cat-x1","7":"product_tag-33cl","8":"product_tag-x1","10":"first","11":"instock","12":"shipping-taxable","13":"purchasable","14":"product-type-simple"},"_links":{"self":[{"href":"https:\/\/brunoribadi.it\/fr\/wp-json\/wp\/v2\/product\/15882","targetHints":{"allow":["GET"]}}],"collection":[{"href":"https:\/\/brunoribadi.it\/fr\/wp-json\/wp\/v2\/product"}],"about":[{"href":"https:\/\/brunoribadi.it\/fr\/wp-json\/wp\/v2\/types\/product"}],"version-history":[{"count":4,"href":"https:\/\/brunoribadi.it\/fr\/wp-json\/wp\/v2\/product\/15882\/revisions"}],"predecessor-version":[{"id":16464,"href":"https:\/\/brunoribadi.it\/fr\/wp-json\/wp\/v2\/product\/15882\/revisions\/16464"}],"wp:featuredmedia":[{"embeddable":true,"href":"https:\/\/brunoribadi.it\/fr\/wp-json\/wp\/v2\/media\/15885"}],"wp:attachment":[{"href":"https:\/\/brunoribadi.it\/fr\/wp-json\/wp\/v2\/media?parent=15882"}],"wp:term":[{"taxonomy":"product_brand","embeddable":true,"href":"https:\/\/brunoribadi.it\/fr\/wp-json\/wp\/v2\/product_brand?post=15882"},{"taxonomy":"product_cat","embeddable":true,"href":"https:\/\/brunoribadi.it\/fr\/wp-json\/wp\/v2\/product_cat?post=15882"},{"taxonomy":"product_tag","embeddable":true,"href":"https:\/\/brunoribadi.it\/fr\/wp-json\/wp\/v2\/product_tag?post=15882"}],"curies":[{"name":"wp","href":"https:\/\/api.w.org\/{rel}","templated":true}]}}