{"id":15888,"date":"2025-04-23T11:14:36","date_gmt":"2025-04-23T11:14:36","guid":{"rendered":"https:\/\/brunoribadi.it\/?post_type=product&#038;p=15888"},"modified":"2026-03-20T09:17:45","modified_gmt":"2026-03-20T08:17:45","slug":"tripel-x1-33cl","status":"publish","type":"product","link":"https:\/\/brunoribadi.it\/fr\/produit\/tripel-x1-33cl\/","title":{"rendered":"TRIPEL x1 33cl"},"content":{"rendered":"<p><a href=\"https:\/\/brunoribadi.it\/wp-content\/uploads\/2025\/04\/12-scaled.png\"><img fetchpriority=\"high\" decoding=\"async\" class=\"aligncenter size-full wp-image-16474\" src=\"https:\/\/brunoribadi.it\/wp-content\/uploads\/2025\/04\/12-scaled.png\" alt=\"\" width=\"2560\" height=\"1440\" srcset=\"https:\/\/brunoribadi.it\/wp-content\/uploads\/2025\/04\/12-scaled.png 2560w, https:\/\/brunoribadi.it\/wp-content\/uploads\/2025\/04\/12-400x225.png 400w, https:\/\/brunoribadi.it\/wp-content\/uploads\/2025\/04\/12-1300x731.png 1300w, https:\/\/brunoribadi.it\/wp-content\/uploads\/2025\/04\/12-768x432.png 768w, https:\/\/brunoribadi.it\/wp-content\/uploads\/2025\/04\/12-1536x864.png 1536w, https:\/\/brunoribadi.it\/wp-content\/uploads\/2025\/04\/12-2048x1152.png 2048w, https:\/\/brunoribadi.it\/wp-content\/uploads\/2025\/04\/12-18x10.png 18w, https:\/\/brunoribadi.it\/wp-content\/uploads\/2025\/04\/12-430x242.png 430w, https:\/\/brunoribadi.it\/wp-content\/uploads\/2025\/04\/12-700x394.png 700w, https:\/\/brunoribadi.it\/wp-content\/uploads\/2025\/04\/12-150x84.png 150w\" sizes=\"(max-width: 2560px) 100vw, 2560px\" \/><\/a><\/p>","protected":false},"excerpt":{"rendered":"<p class=\"translation-block\"><span style=\"color: #0d355b\">FIGUES S\u00c8CHES ET MIEL SICILIEN<\/span><br>\n<span style=\"color: #0d355b\">Intense et fruit\u00e9e<\/span><\/p>\n<p class=\"translation-block\"><span style=\"color: #0d355b\">Bi\u00e8re de style abbaye b\u00e9n\u00e9dictine. Tripel avec du bl\u00e9 sicilien Biancolilla, des figues s\u00e8ches et<\/span><br>\n<span style=\"color: #0d355b\">du miel d\u2019abeille sicilien. De corps moyen et de couleur blond fonc\u00e9, elle r\u00e9v\u00e8le des notes<\/span><br>\n<span style=\"color: #0d355b\">de fruits frais au nez et une l\u00e9g\u00e8re douceur en fin de bouche gr\u00e2ce au miel.<\/span><br>\n<span style=\"color: #0d355b\">Ingr\u00e9dients : Eau, malt d\u2019orge, flocons de bl\u00e9, grain \u201cBiancolilla\u201d, figues s\u00e8ches 3 %, miel 2 %,<\/span><br>\n<span style=\"color: #0d355b\">zeste d\u2019orange, sucre, houblon, levure.<\/span><br>\n<span style=\"color: #0d355b\">Contient du gluten<\/span><br>\n<span style=\"color: #0d355b\">TENEUR EN ALCOOL : 9 %<\/span><br>\n<span style=\"color: #0d355b\">\u00c0 SERVIR \u00c0 : 8\u00b0C<\/span><\/p>","protected":false},"featured_media":15890,"template":"","meta":[],"product_brand":[],"product_cat":[73],"product_tag":[78,76],"class_list":{"0":"post-15888","1":"product","2":"type-product","3":"status-publish","4":"has-post-thumbnail","6":"product_cat-x1","7":"product_tag-33cl","8":"product_tag-x1","10":"first","11":"instock","12":"shipping-taxable","13":"purchasable","14":"product-type-simple"},"_links":{"self":[{"href":"https:\/\/brunoribadi.it\/fr\/wp-json\/wp\/v2\/product\/15888","targetHints":{"allow":["GET"]}}],"collection":[{"href":"https:\/\/brunoribadi.it\/fr\/wp-json\/wp\/v2\/product"}],"about":[{"href":"https:\/\/brunoribadi.it\/fr\/wp-json\/wp\/v2\/types\/product"}],"version-history":[{"count":6,"href":"https:\/\/brunoribadi.it\/fr\/wp-json\/wp\/v2\/product\/15888\/revisions"}],"predecessor-version":[{"id":16479,"href":"https:\/\/brunoribadi.it\/fr\/wp-json\/wp\/v2\/product\/15888\/revisions\/16479"}],"wp:featuredmedia":[{"embeddable":true,"href":"https:\/\/brunoribadi.it\/fr\/wp-json\/wp\/v2\/media\/15890"}],"wp:attachment":[{"href":"https:\/\/brunoribadi.it\/fr\/wp-json\/wp\/v2\/media?parent=15888"}],"wp:term":[{"taxonomy":"product_brand","embeddable":true,"href":"https:\/\/brunoribadi.it\/fr\/wp-json\/wp\/v2\/product_brand?post=15888"},{"taxonomy":"product_cat","embeddable":true,"href":"https:\/\/brunoribadi.it\/fr\/wp-json\/wp\/v2\/product_cat?post=15888"},{"taxonomy":"product_tag","embeddable":true,"href":"https:\/\/brunoribadi.it\/fr\/wp-json\/wp\/v2\/product_tag?post=15888"}],"curies":[{"name":"wp","href":"https:\/\/api.w.org\/{rel}","templated":true}]}}