{"id":16001,"date":"2026-03-31T13:33:12","date_gmt":"2026-03-31T11:33:12","guid":{"rendered":"https:\/\/brunoribadi.it\/?post_type=product&#038;p=16001"},"modified":"2026-03-31T13:33:12","modified_gmt":"2026-03-31T11:33:12","slug":"red-etna-box-x6-copy","status":"publish","type":"product","link":"https:\/\/brunoribadi.it\/fr\/produit\/red-etna-box-x6-copy\/","title":{"rendered":"RED ETNA BOX"},"content":{"rendered":"<p><a href=\"https:\/\/brunoribadi.it\/wp-content\/uploads\/2025\/06\/16-scaled.png\"><img fetchpriority=\"high\" decoding=\"async\" class=\"aligncenter size-full wp-image-16485\" src=\"https:\/\/brunoribadi.it\/wp-content\/uploads\/2025\/06\/16-scaled.png\" alt=\"\" width=\"2560\" height=\"1440\" srcset=\"https:\/\/brunoribadi.it\/wp-content\/uploads\/2025\/06\/16-scaled.png 2560w, https:\/\/brunoribadi.it\/wp-content\/uploads\/2025\/06\/16-400x225.png 400w, https:\/\/brunoribadi.it\/wp-content\/uploads\/2025\/06\/16-1300x731.png 1300w, https:\/\/brunoribadi.it\/wp-content\/uploads\/2025\/06\/16-768x432.png 768w, https:\/\/brunoribadi.it\/wp-content\/uploads\/2025\/06\/16-1536x864.png 1536w, https:\/\/brunoribadi.it\/wp-content\/uploads\/2025\/06\/16-2048x1152.png 2048w, https:\/\/brunoribadi.it\/wp-content\/uploads\/2025\/06\/16-18x10.png 18w, https:\/\/brunoribadi.it\/wp-content\/uploads\/2025\/06\/16-430x242.png 430w, https:\/\/brunoribadi.it\/wp-content\/uploads\/2025\/06\/16-700x394.png 700w, https:\/\/brunoribadi.it\/wp-content\/uploads\/2025\/06\/16-150x84.png 150w\" sizes=\"(max-width: 2560px) 100vw, 2560px\" \/><\/a><\/p>","protected":false},"excerpt":{"rendered":"<p class=\"translation-block\"><span style=\"color: #000000\">DOUBLE MALT ROUGE AU FIGUE DE BARBARIE DE L\u2019ETNA AOP<\/span><br>\n<span style=\"color: #000000\">Amertume d\u00e9licate, douceur en bouche. Bi\u00e8re structur\u00e9e et complexe, aux notes de caramel et<\/span><br>\n<span style=\"color: #000000\">de malt. Amertume d\u00e9licate, douceur en bouche avec une finale s\u00e8che et nette. Les notes<\/span><br>\n<span style=\"color: #000000\">de figue de barbarie de l\u2019Etna AOP explosent d\u00e8s la premi\u00e8re gorg\u00e9e.<\/span><br>\n<span style=\"color: #000000\">Ingr\u00e9dients : Eau, malt d\u2019orge sicilien, malts caram\u00e9lis\u00e9s, flocons de bl\u00e9, bl\u00e9 \u201cRussello\u201d,<\/span><br>\n<span style=\"color: #000000\">pur\u00e9e de figue de barbarie de l\u2019ETNA AOP 10 %, houblon, sucre, levure.<\/span><br>\n<span style=\"color: #000000\">Contient du gluten<\/span><br>\n<span style=\"color: #000000\">TENEUR EN ALCOOL : 8 %<\/span><br>\n<span style=\"color: #000000\">\u00c0 SERVIR \u00c0 : 4\u00b0C<\/span><\/p>","protected":false},"featured_media":16721,"template":"","meta":[],"product_brand":[],"product_cat":[71],"product_tag":[77],"class_list":{"0":"post-16001","1":"product","2":"type-product","3":"status-publish","4":"has-post-thumbnail","6":"product_cat-birra","7":"product_tag-x6","9":"first","10":"outofstock","11":"shipping-taxable","12":"purchasable","13":"product-type-variable","14":"has-default-attributes"},"_links":{"self":[{"href":"https:\/\/brunoribadi.it\/fr\/wp-json\/wp\/v2\/product\/16001","targetHints":{"allow":["GET"]}}],"collection":[{"href":"https:\/\/brunoribadi.it\/fr\/wp-json\/wp\/v2\/product"}],"about":[{"href":"https:\/\/brunoribadi.it\/fr\/wp-json\/wp\/v2\/types\/product"}],"version-history":[{"count":9,"href":"https:\/\/brunoribadi.it\/fr\/wp-json\/wp\/v2\/product\/16001\/revisions"}],"predecessor-version":[{"id":19740,"href":"https:\/\/brunoribadi.it\/fr\/wp-json\/wp\/v2\/product\/16001\/revisions\/19740"}],"wp:featuredmedia":[{"embeddable":true,"href":"https:\/\/brunoribadi.it\/fr\/wp-json\/wp\/v2\/media\/16721"}],"wp:attachment":[{"href":"https:\/\/brunoribadi.it\/fr\/wp-json\/wp\/v2\/media?parent=16001"}],"wp:term":[{"taxonomy":"product_brand","embeddable":true,"href":"https:\/\/brunoribadi.it\/fr\/wp-json\/wp\/v2\/product_brand?post=16001"},{"taxonomy":"product_cat","embeddable":true,"href":"https:\/\/brunoribadi.it\/fr\/wp-json\/wp\/v2\/product_cat?post=16001"},{"taxonomy":"product_tag","embeddable":true,"href":"https:\/\/brunoribadi.it\/fr\/wp-json\/wp\/v2\/product_tag?post=16001"}],"curies":[{"name":"wp","href":"https:\/\/api.w.org\/{rel}","templated":true}]}}