{"id":16020,"date":"2026-03-31T13:33:11","date_gmt":"2026-03-31T11:33:11","guid":{"rendered":"https:\/\/brunoribadi.it\/?post_type=product&#038;p=16020"},"modified":"2026-03-31T13:33:11","modified_gmt":"2026-03-31T11:33:11","slug":"nat-ale-x6","status":"publish","type":"product","link":"https:\/\/brunoribadi.it\/fr\/produit\/nat-ale-x6\/","title":{"rendered":"NAT-ALE BOX"},"content":{"rendered":"<p><a href=\"https:\/\/brunoribadi.it\/wp-content\/uploads\/2025\/05\/20-scaled.png\"><img fetchpriority=\"high\" decoding=\"async\" class=\"aligncenter size-full wp-image-16498\" src=\"https:\/\/brunoribadi.it\/wp-content\/uploads\/2025\/05\/20-scaled.png\" alt=\"\" width=\"2560\" height=\"1440\" srcset=\"https:\/\/brunoribadi.it\/wp-content\/uploads\/2025\/05\/20-scaled.png 2560w, https:\/\/brunoribadi.it\/wp-content\/uploads\/2025\/05\/20-400x225.png 400w, https:\/\/brunoribadi.it\/wp-content\/uploads\/2025\/05\/20-1300x731.png 1300w, https:\/\/brunoribadi.it\/wp-content\/uploads\/2025\/05\/20-768x432.png 768w, https:\/\/brunoribadi.it\/wp-content\/uploads\/2025\/05\/20-1536x864.png 1536w, https:\/\/brunoribadi.it\/wp-content\/uploads\/2025\/05\/20-2048x1152.png 2048w, https:\/\/brunoribadi.it\/wp-content\/uploads\/2025\/05\/20-18x10.png 18w, https:\/\/brunoribadi.it\/wp-content\/uploads\/2025\/05\/20-430x242.png 430w, https:\/\/brunoribadi.it\/wp-content\/uploads\/2025\/05\/20-700x394.png 700w, https:\/\/brunoribadi.it\/wp-content\/uploads\/2025\/05\/20-150x84.png 150w\" sizes=\"(max-width: 2560px) 100vw, 2560px\" \/><\/a><\/p>","protected":false},"excerpt":{"rendered":"<p class=\"translation-block\"><span style=\"color: #f1c693\">LA BI\u00c8RE DE NO\u00cbL PARFAITE<\/span><br>\n<span style=\"color: #f1c693\">Bi\u00e8re fonc\u00e9e, onctueuse et bien structur\u00e9e. Inspir\u00e9e du g\u00e2teau de No\u00ebl typique<\/span><br>\n<span style=\"color: #f1c693\">des festivit\u00e9s siciliennes, le \u2018Buccellato\u2019. Aromatis\u00e9e avec les ingr\u00e9dients de sa farce,<\/span><br>\n<span style=\"color: #f1c693\">tels que chocolat, miel, figues s\u00e8ches, raisins secs, cannelle et<\/span><br>\n<span style=\"color: #f1c693\">zeste d\u2019orange confite.<\/span><br>\n<span style=\"color: #f1c693\">Ingr\u00e9dients : Eau, malt d\u2019orge, flocons de bl\u00e9, figues s\u00e8ches, miel, f\u00e8ves de cacao, zeste<\/span><br>\n<span style=\"color: #f1c693\">d\u2019orange confite, raisins secs, cannelle, sucre, houblon, levure.<\/span><\/p>\n<p class=\"translation-block\"><span style=\"color: #f1c693\">Contient du gluten<\/span><br>\n<span style=\"color: #f1c693\">TENEUR EN ALCOOL : 12 %<\/span><br>\n<span style=\"color: #f1c693\">\u00c0 SERVIR \u00c0 : 10\u00b0C<\/span><\/p>","protected":false},"featured_media":16328,"template":"","meta":[],"product_brand":[],"product_cat":[71],"product_tag":[77],"class_list":{"0":"post-16020","1":"product","2":"type-product","3":"status-publish","4":"has-post-thumbnail","6":"product_cat-birra","7":"product_tag-x6","9":"first","10":"instock","11":"shipping-taxable","12":"purchasable","13":"product-type-variable"},"_links":{"self":[{"href":"https:\/\/brunoribadi.it\/fr\/wp-json\/wp\/v2\/product\/16020","targetHints":{"allow":["GET"]}}],"collection":[{"href":"https:\/\/brunoribadi.it\/fr\/wp-json\/wp\/v2\/product"}],"about":[{"href":"https:\/\/brunoribadi.it\/fr\/wp-json\/wp\/v2\/types\/product"}],"version-history":[{"count":17,"href":"https:\/\/brunoribadi.it\/fr\/wp-json\/wp\/v2\/product\/16020\/revisions"}],"predecessor-version":[{"id":16790,"href":"https:\/\/brunoribadi.it\/fr\/wp-json\/wp\/v2\/product\/16020\/revisions\/16790"}],"wp:featuredmedia":[{"embeddable":true,"href":"https:\/\/brunoribadi.it\/fr\/wp-json\/wp\/v2\/media\/16328"}],"wp:attachment":[{"href":"https:\/\/brunoribadi.it\/fr\/wp-json\/wp\/v2\/media?parent=16020"}],"wp:term":[{"taxonomy":"product_brand","embeddable":true,"href":"https:\/\/brunoribadi.it\/fr\/wp-json\/wp\/v2\/product_brand?post=16020"},{"taxonomy":"product_cat","embeddable":true,"href":"https:\/\/brunoribadi.it\/fr\/wp-json\/wp\/v2\/product_cat?post=16020"},{"taxonomy":"product_tag","embeddable":true,"href":"https:\/\/brunoribadi.it\/fr\/wp-json\/wp\/v2\/product_tag?post=16020"}],"curies":[{"name":"wp","href":"https:\/\/api.w.org\/{rel}","templated":true}]}}