{"id":16244,"date":"2025-06-24T18:19:24","date_gmt":"2025-06-24T18:19:24","guid":{"rendered":"https:\/\/brunoribadi.it\/?post_type=product&#038;p=16244"},"modified":"2026-03-20T09:17:05","modified_gmt":"2026-03-20T08:17:05","slug":"amaro-ribaldi-50-cl","status":"publish","type":"product","link":"https:\/\/brunoribadi.it\/fr\/produit\/amaro-ribaldi-50-cl\/","title":{"rendered":"Amaro Bruno Ribadi 50 cl"},"content":{"rendered":"","protected":false},"excerpt":{"rendered":"<p class=\"translation-block\"><span style=\"color: #000000\">L\u2019amertume qui fait rocker<\/span><br>\n<span style=\"color: #000000\">Le digestif qui porte tout l\u2019ar\u00f4me de la Sicile.<\/span><br>\n<span style=\"color: #000000\">Confectionn\u00e9 avec du houblon, un puissant anti-inflammatoire, du sumac,<\/span><br>\n<span style=\"color: #000000\">fruit savoureux aux propri\u00e9t\u00e9s antioxydantes, du poivre rose et des zestes<\/span><br>\n<span style=\"color: #000000\">d\u2019orange am\u00e8re, c\u2019est une v\u00e9ritable panac\u00e9e en fin de repas.<\/span><\/p>\n<p class=\"translation-block\"><span style=\"color: #000000\">Id\u00e9al en conclusion de repas compos\u00e9s de plusieurs plats,<\/span><br>\n<span style=\"color: #000000\">avec son go\u00fbt riche et intense, il est un compagnon agr\u00e9able lors<\/span><br>\n<span style=\"color: #000000\">des moments conviviaux. Excellent servi avec un gla\u00e7on,<\/span><br>\n<span style=\"color: #000000\">il sera un alli\u00e9 pr\u00e9cieux pour affronter les tables de f\u00eate !<\/span><\/p>","protected":false},"featured_media":16037,"template":"","meta":[],"product_brand":[],"product_cat":[71],"product_tag":[77],"class_list":{"0":"post-16244","1":"product","2":"type-product","3":"status-publish","4":"has-post-thumbnail","6":"product_cat-birra","7":"product_tag-x6","9":"first","10":"instock","11":"shipping-taxable","12":"purchasable","13":"product-type-simple"},"_links":{"self":[{"href":"https:\/\/brunoribadi.it\/fr\/wp-json\/wp\/v2\/product\/16244","targetHints":{"allow":["GET"]}}],"collection":[{"href":"https:\/\/brunoribadi.it\/fr\/wp-json\/wp\/v2\/product"}],"about":[{"href":"https:\/\/brunoribadi.it\/fr\/wp-json\/wp\/v2\/types\/product"}],"version-history":[{"count":3,"href":"https:\/\/brunoribadi.it\/fr\/wp-json\/wp\/v2\/product\/16244\/revisions"}],"predecessor-version":[{"id":19738,"href":"https:\/\/brunoribadi.it\/fr\/wp-json\/wp\/v2\/product\/16244\/revisions\/19738"}],"wp:featuredmedia":[{"embeddable":true,"href":"https:\/\/brunoribadi.it\/fr\/wp-json\/wp\/v2\/media\/16037"}],"wp:attachment":[{"href":"https:\/\/brunoribadi.it\/fr\/wp-json\/wp\/v2\/media?parent=16244"}],"wp:term":[{"taxonomy":"product_brand","embeddable":true,"href":"https:\/\/brunoribadi.it\/fr\/wp-json\/wp\/v2\/product_brand?post=16244"},{"taxonomy":"product_cat","embeddable":true,"href":"https:\/\/brunoribadi.it\/fr\/wp-json\/wp\/v2\/product_cat?post=16244"},{"taxonomy":"product_tag","embeddable":true,"href":"https:\/\/brunoribadi.it\/fr\/wp-json\/wp\/v2\/product_tag?post=16244"}],"curies":[{"name":"wp","href":"https:\/\/api.w.org\/{rel}","templated":true}]}}